{"id":4774,"date":"2026-04-09T11:41:45","date_gmt":"2026-04-09T14:41:45","guid":{"rendered":"https:\/\/conscuritiba.esteri.it\/?page_id=4774"},"modified":"2026-04-09T11:41:45","modified_gmt":"2026-04-09T14:41:45","slug":"registro-de-filhos-que-tenham-um-ascendente-de-segundo-grau-exclusivamente-italiano-no-momento-do-nascimento","status":"publish","type":"page","link":"https:\/\/conscuritiba.esteri.it\/pt\/servizi-consolari-e-visti\/servizi-per-il-cittadino-italiano\/stato-civile\/variazioni-di-stato-civile-nascita\/registro-de-filhos-que-tenham-um-ascendente-de-segundo-grau-exclusivamente-italiano-no-momento-do-nascimento\/","title":{"rendered":"Registro de Filhos que tenham um ascendente de segundo grau exclusivamente italiano (no momento do nascimento)"},"content":{"rendered":"<p>A altera\u00e7\u00e3o normativa, introduzida pela Lei 74\/2025, que converteu com modifica\u00e7\u00f5es o Decreto-Lei n. 35\/2025, determina que\u00a0<strong>os menores que tenham um ascendente de segundo grau exclusivamente italiano (no momento do nascimento) s\u00e3o considerados italianos desde o nascimento<\/strong>\/<em>jure sanguinis<\/em>.<\/p>\n<p>\u00c9, no entanto, essencial que o genitor do menor j\u00e1 tenha sido reconhecido como cidad\u00e3o italiano.<\/p>\n<p>Nesses casos, para registrar o nascimento do filho no Registro Civil italiano, o genitor italiano,\u00a0<u>residente nesta circunscri\u00e7\u00e3o consular<\/u>\u00a0e\u00a0<u>regularmente inscrito no AIRE,<\/u>\u00a0dever\u00e1 enviar\u00a0<u>por correio<\/u>\u00a0ao endere\u00e7o:<\/p>\n<p>A\/C Ufficio Stato Civile, Consulado Geral da It\u00e1lia em Curitiba, Av. Vicente Machado, 2100 \u2013 CEP 80420-011 \u2013 Curitiba \u2013 PR, a seguinte documenta\u00e7\u00e3o:<\/p>\n<p><em>Clique na op\u00e7\u00e3o desejada:<\/em><\/p>\n<ul>\n<li>No caso de ascendente de segundo grau vivo e inscrito no AIRE deste consulado (ou falecido, mas com situa\u00e7\u00e3o cadastral atualizada)<\/li>\n<li>No caso de ascendente de segundo grau falecido ou n\u00e3o inscrito neste cadastro consular<\/li>\n<\/ul>\n","protected":false},"excerpt":{"rendered":"A altera\u00e7\u00e3o normativa, introduzida pela Lei 74\/2025, que converteu com modifica\u00e7\u00f5es o Decreto-Lei n. 35\/2025, determina que\u00a0os menores que tenham um ascendente de segundo grau exclusivamente italiano (no momento do nascimento) s\u00e3o considerados italianos desde o nascimento\/jure sanguinis. \u00c9, no entanto, essencial que o genitor do menor j\u00e1 tenha sido reconhecido como cidad\u00e3o italiano. Nesses [&hellip;]","protected":false},"author":11,"featured_media":0,"parent":416,"menu_order":2,"comment_status":"closed","ping_status":"closed","template":"","meta":{"footnotes":""},"class_list":["post-4774","page","type-page","status-publish","hentry"],"_links":{"self":[{"href":"https:\/\/conscuritiba.esteri.it\/pt\/wp-json\/wp\/v2\/pages\/4774","targetHints":{"allow":["GET"]}}],"collection":[{"href":"https:\/\/conscuritiba.esteri.it\/pt\/wp-json\/wp\/v2\/pages"}],"about":[{"href":"https:\/\/conscuritiba.esteri.it\/pt\/wp-json\/wp\/v2\/types\/page"}],"author":[{"embeddable":true,"href":"https:\/\/conscuritiba.esteri.it\/pt\/wp-json\/wp\/v2\/users\/11"}],"replies":[{"embeddable":true,"href":"https:\/\/conscuritiba.esteri.it\/pt\/wp-json\/wp\/v2\/comments?post=4774"}],"version-history":[{"count":1,"href":"https:\/\/conscuritiba.esteri.it\/pt\/wp-json\/wp\/v2\/pages\/4774\/revisions"}],"predecessor-version":[{"id":4777,"href":"https:\/\/conscuritiba.esteri.it\/pt\/wp-json\/wp\/v2\/pages\/4774\/revisions\/4777"}],"up":[{"embeddable":true,"href":"https:\/\/conscuritiba.esteri.it\/pt\/wp-json\/wp\/v2\/pages\/416"}],"wp:attachment":[{"href":"https:\/\/conscuritiba.esteri.it\/pt\/wp-json\/wp\/v2\/media?parent=4774"}],"curies":[{"name":"wp","href":"https:\/\/api.w.org\/{rel}","templated":true}]}}