{"id":492,"date":"2022-12-12T20:46:26","date_gmt":"2022-12-12T19:46:26","guid":{"rendered":"https:\/\/conscuritiba.esteri.it\/\/servizi-consolari-e-visti\/servizi-per-il-cittadino-italiano\/anagrafe-degli-italiani-residenti-allestero-aire\/certificato-di-residenza\/"},"modified":"2022-12-12T20:48:13","modified_gmt":"2022-12-12T19:48:13","slug":"certificato-di-residenza","status":"publish","type":"page","link":"https:\/\/conscuritiba.esteri.it\/pt\/servizi-consolari-e-visti\/servizi-per-il-cittadino-italiano\/anagrafe-degli-italiani-residenti-allestero-aire\/certificato-di-residenza\/","title":{"rendered":"Certificado de residencia"},"content":{"rendered":"<div>\n<p>As reparti\u00e7\u00f5es consulares n\u00e3o s\u00e3o titulares das fun\u00e7\u00f5es de oficial de registro e, portanto, <strong>n\u00e3o podem emitir certificados de resid\u00eancia<\/strong>, tarefa que s\u00f3 pode ser desempenhada pelos munic\u00edpios italianos tanto no que se refere ao AIRE (Registro dos Italianos Residentes no Exterior) quanto no que se refere ao APR (Registro da popula\u00e7\u00e3o residente).<\/p>\n<p><strong>O certificado pode, portanto, ser solicitado no \u00faltimo munic\u00edpio de resid\u00eancia na It\u00e1lia na AIRE do qual o compatriota est\u00e1 inscrito.<\/strong><\/p>\n<\/div>\n","protected":false},"excerpt":{"rendered":"As reparti\u00e7\u00f5es consulares n\u00e3o s\u00e3o titulares das fun\u00e7\u00f5es de oficial de registro e, portanto, n\u00e3o podem emitir certificados de resid\u00eancia, tarefa que s\u00f3 pode ser desempenhada pelos munic\u00edpios italianos tanto no que se refere ao AIRE (Registro dos Italianos Residentes no Exterior) quanto no que se refere ao APR (Registro da popula\u00e7\u00e3o residente). O certificado [&hellip;]","protected":false},"author":4,"featured_media":0,"parent":189,"menu_order":4,"comment_status":"closed","ping_status":"closed","template":"","meta":{"footnotes":""},"class_list":["post-492","page","type-page","status-publish","hentry"],"_links":{"self":[{"href":"https:\/\/conscuritiba.esteri.it\/pt\/wp-json\/wp\/v2\/pages\/492","targetHints":{"allow":["GET"]}}],"collection":[{"href":"https:\/\/conscuritiba.esteri.it\/pt\/wp-json\/wp\/v2\/pages"}],"about":[{"href":"https:\/\/conscuritiba.esteri.it\/pt\/wp-json\/wp\/v2\/types\/page"}],"author":[{"embeddable":true,"href":"https:\/\/conscuritiba.esteri.it\/pt\/wp-json\/wp\/v2\/users\/4"}],"replies":[{"embeddable":true,"href":"https:\/\/conscuritiba.esteri.it\/pt\/wp-json\/wp\/v2\/comments?post=492"}],"version-history":[{"count":1,"href":"https:\/\/conscuritiba.esteri.it\/pt\/wp-json\/wp\/v2\/pages\/492\/revisions"}],"predecessor-version":[{"id":493,"href":"https:\/\/conscuritiba.esteri.it\/pt\/wp-json\/wp\/v2\/pages\/492\/revisions\/493"}],"up":[{"embeddable":true,"href":"https:\/\/conscuritiba.esteri.it\/pt\/wp-json\/wp\/v2\/pages\/189"}],"wp:attachment":[{"href":"https:\/\/conscuritiba.esteri.it\/pt\/wp-json\/wp\/v2\/media?parent=492"}],"curies":[{"name":"wp","href":"https:\/\/api.w.org\/{rel}","templated":true}]}}