{"id":496,"date":"2022-12-12T20:49:48","date_gmt":"2022-12-12T19:49:48","guid":{"rendered":"https:\/\/conscuritiba.esteri.it\/\/servizi-consolari-e-visti\/servizi-per-il-cittadino-italiano\/anagrafe-degli-italiani-residenti-allestero-aire\/conferma-delliscrizione-cambio-indirizzo\/"},"modified":"2022-12-12T20:51:27","modified_gmt":"2022-12-12T19:51:27","slug":"conferma-delliscrizione-cambio-indirizzo","status":"publish","type":"page","link":"https:\/\/conscuritiba.esteri.it\/pt\/servizi-consolari-e-visti\/servizi-per-il-cittadino-italiano\/anagrafe-degli-italiani-residenti-allestero-aire\/conferma-delliscrizione-cambio-indirizzo\/","title":{"rendered":"Confirma\u00e7\u00e3o da inscri\u00e7\u00e3o\/mudan\u00e7a de endere\u00e7o"},"content":{"rendered":"<div>\n<p>Quando o Setor do AIRE do Consulado Geral\u00a0 transmite o pedido de inscri\u00e7\u00e3o Aire ou de atualiza\u00e7\u00e3o de endere\u00e7o ao \u00faltimo Munic\u00edpio de resid\u00eancia ou ao Munic\u00edpio italiano de refer\u00eancia, \u00e9 enviada uma mensagem de confirma\u00e7\u00e3o ao interessado (quando o e-mail estiver presente no cadastro).<\/p>\n<p><strong>A confirma\u00e7\u00e3o da inscri\u00e7\u00e3o no Aire deve ser solicitada exclusivamente ao Munic\u00edpio da It\u00e1lia e N\u00c3O a este Consulado Geral de Curitiba. Qualquer informa\u00e7\u00e3o sobre a efetiva atualiza\u00e7\u00e3o dos registros do Aire deve ser enviada exclusivamente ao Munic\u00edpio de pertencimento na It\u00e1lia, sendo dele a compet\u00eancia para atualiza\u00e7\u00e3o real do Aire e N\u00c3O neste Consulado Geral da It\u00e1lia em Curitiba.<\/strong><\/p>\n<\/div>\n","protected":false},"excerpt":{"rendered":"Quando o Setor do AIRE do Consulado Geral\u00a0 transmite o pedido de inscri\u00e7\u00e3o Aire ou de atualiza\u00e7\u00e3o de endere\u00e7o ao \u00faltimo Munic\u00edpio de resid\u00eancia ou ao Munic\u00edpio italiano de refer\u00eancia, \u00e9 enviada uma mensagem de confirma\u00e7\u00e3o ao interessado (quando o e-mail estiver presente no cadastro). A confirma\u00e7\u00e3o da inscri\u00e7\u00e3o no Aire deve ser solicitada exclusivamente [&hellip;]","protected":false},"author":4,"featured_media":0,"parent":189,"menu_order":5,"comment_status":"closed","ping_status":"closed","template":"","meta":{"footnotes":""},"class_list":["post-496","page","type-page","status-publish","hentry"],"_links":{"self":[{"href":"https:\/\/conscuritiba.esteri.it\/pt\/wp-json\/wp\/v2\/pages\/496","targetHints":{"allow":["GET"]}}],"collection":[{"href":"https:\/\/conscuritiba.esteri.it\/pt\/wp-json\/wp\/v2\/pages"}],"about":[{"href":"https:\/\/conscuritiba.esteri.it\/pt\/wp-json\/wp\/v2\/types\/page"}],"author":[{"embeddable":true,"href":"https:\/\/conscuritiba.esteri.it\/pt\/wp-json\/wp\/v2\/users\/4"}],"replies":[{"embeddable":true,"href":"https:\/\/conscuritiba.esteri.it\/pt\/wp-json\/wp\/v2\/comments?post=496"}],"version-history":[{"count":1,"href":"https:\/\/conscuritiba.esteri.it\/pt\/wp-json\/wp\/v2\/pages\/496\/revisions"}],"predecessor-version":[{"id":497,"href":"https:\/\/conscuritiba.esteri.it\/pt\/wp-json\/wp\/v2\/pages\/496\/revisions\/497"}],"up":[{"embeddable":true,"href":"https:\/\/conscuritiba.esteri.it\/pt\/wp-json\/wp\/v2\/pages\/189"}],"wp:attachment":[{"href":"https:\/\/conscuritiba.esteri.it\/pt\/wp-json\/wp\/v2\/media?parent=496"}],"curies":[{"name":"wp","href":"https:\/\/api.w.org\/{rel}","templated":true}]}}