{"id":501,"date":"2022-12-12T20:53:38","date_gmt":"2022-12-12T23:53:38","guid":{"rendered":"https:\/\/conscuritiba.esteri.it\/\/servizi-consolari-e-visti\/servizi-per-il-cittadino-italiano\/anagrafe-degli-italiani-residenti-allestero-aire\/status-non-iscritto-su-scheda-anagrafica-fast-it\/"},"modified":"2023-08-31T13:49:47","modified_gmt":"2023-08-31T16:49:47","slug":"status-non-iscritto-su-scheda-anagrafica-fast-it","status":"publish","type":"page","link":"https:\/\/conscuritiba.esteri.it\/pt\/servizi-consolari-e-visti\/servizi-per-il-cittadino-italiano\/anagrafe-degli-italiani-residenti-allestero-aire\/status-non-iscritto-su-scheda-anagrafica-fast-it\/","title":{"rendered":"D\u00daVIDAS FREQUENTES COM RELA\u00c7\u00c3O \u00c0 FICHA CADASTRAL\/ FAST IT"},"content":{"rendered":"<p><strong>D\u00daVIDAS FREQUENTES COM RELA\u00c7\u00c3O \u00c0 FICHA CADASTRAL\/ FAST IT:<\/strong><\/p>\n<p><strong>1) N\u00e3o consigo acessar minha ficha cadastral, mesmo sendo inscrito em Curitiba o portal me manda \u00e0 p\u00e1gina de solicita\u00e7\u00e3o de inscri\u00e7\u00e3o AIRE. Minha cidadania j\u00e1 foi reconhecida e estou registrado neste Consulado Geral. <\/strong><strong>O que devo fazer?<\/strong><\/p>\n<p>Este erro geralmente signifca que o registro no FAST IT n\u00e3o foi feito com os mesmos dados presentes em nosso sistema. A associa\u00e7\u00e3o, que permite a visutaliza\u00e7\u00e3o da pr\u00f3pria ficha cadastral, pode ser realizada somente quando os dados inseridos no FAST IT espelham os dados presentes em nosso registro consular.<\/p>\n<p>\u00c9 poss\u00edvel que esteja registrado sem o sobrenome do c\u00f4njuge ou ainda sem o sobrenome materno caso seu processo de cidadania tenha sido conclu\u00eddo antes de 2001, ou ainda que tenha inserido acentos que n\u00e3o existem na l\u00edngua italiana.<\/p>\n<p>Se n\u00e3o conseguir visualizar sua ficha cadastral e tem d\u00favidas sobre quais sejam os seus dados de registro \u00e9 poss\u00edvel enviar para o endere\u00e7o \u00a0<a href=\"mailto:curitiba.anagrafe@esteri.it\">curitiba.anagrafe@esteri.it<\/a> uma c\u00f3pia de um documento de identidade, comunicando no <em>email<\/em> o seu nome, sobrenome, data e local de nascimento.<\/p>\n<p><strong>2) Quando visualizo a minha ficha cadastral no Fast It, mesmo que meus dados estejam atualizados, o <em>status<\/em> de registro \u00e9 \u201cnon iscritto\u201d ou \u201cinviato al Comune di competenza\u201d. O que isto significa? <\/strong><\/p>\n<p>Se no campo \u201cISCRIZIONE AIRE\u201d consta o <em>status<\/em> em sede <em>\u201cNon iscritto\/iscrizione in corso\u201d<\/em> o <em>\u201cinviato al Comune di competenza<\/em>\u201d \u2013 mas seu endere\u00e7o e outros dados est\u00e3o atualizados \u2013 o interessado N\u00c3O deve solicitar nenhuma atualiza\u00e7\u00e3o. <u>Esta informa\u00e7\u00e3o nem sempre reflete a situa\u00e7\u00e3o real da inscri\u00e7\u00e3o AIRE e \u00e9 poss\u00edvel fazer o agendamento para a emiss\u00e3o do passaporte.<\/u><\/p>\n<p><strong>3) Estou registrado no FAST IT de um outro Consulado, mas agora sou residente no Paran\u00e1\/Santa Catarina, como devo fazer a transfer\u00eancia de um outro Consulado?<\/strong><\/p>\n<p>Para efetuar a transfer\u00eancia \u00e9 necess\u00e1rio que n\u00e3o haja nenhum pedido pendente. \u00a0Nestes casos, basta clicar em <em>\u201cComunicare la variazione della propria residenza\u201d<\/em> e mudar a na\u00e7\u00e3o\/ estado de resid\u00eancia e a cidade. Aparecer\u00e1 a seguinte mensagem: <em>\u201cAttenzione, si sta cambiando Sede Consolare di riferimento. Sei sicuro di voler continuare? Premendo Ok sarete reindirizzati alla variazione Aire\u201d<\/em>. Clicando em <em>\u201cOk\u201d<\/em> a sua SEDE ser\u00e1 transferida e poder\u00e1 apresentar uma solicita\u00e7\u00e3o de inscri\u00e7\u00e3o AIRE ao nosso Consulado que ser\u00e1 considerada como um pedido de transfer\u00eancia de circunscri\u00e7\u00e3o consular.<\/p>\n<p><strong>4) Fiz um pedido de primeira inscri\u00e7\u00e3o AIRE atrav\u00e9s do FAST IT e o <em>status<\/em> consta ser \u201crifiutata<em>\u201d<\/em> com a mensagem <em>\u201cNominativo j\u00e1 presente em nossos registros. O seu pedido ser\u00e1 tratado manualmente. Confirmamos sua inscri\u00e7\u00e3o AIRE\u201d\u201d. <\/em><\/strong><strong>O que isto quer dizer?<\/strong><\/p>\n<p>Quando este Consulado Geral aceita um pedido de primeira inscri\u00e7\u00e3o AIRE, todos os dados inseridos pelo requerente migram para a nossa anagrafe consular. Se o nome do requerente j\u00e1 existe no nosso\u00a0 <em>database <\/em>(registro consular), n\u00e3o \u00e9 poss\u00edvel aceitar o pedido. Isto pode acontecer quando o requerente \u00e9 casado com cidad\u00e3o italiano j\u00e1 registrado neste Consulado Geral, se o requerente est\u00e1 atualmente cancelado por repatriamento, transfer\u00eancia de sede ou por seu atual endere\u00e7o ser desconhecido e apresenta um novo pedido de inscri\u00e7\u00e3o AIRE.\u00a0 Neste caso, o setor recusa o pedido atrav\u00e9s do FAST IT, mas ele \u00e9 executado manualmente e os dados poder\u00e3o ser visualizados na ficha cadastral do interessado.<\/p>\n<p><strong>5)<\/strong> <strong>Fiz um pedido de atualiza\u00e7\u00e3o de registro civil (ex. casamento, div\u00f3rcio ou nascimento de filhos menores) atrav\u00e9s do FAST IT anexando as certid\u00f5es brasileiras traduzidas mas meu pedido ofi recusado. <\/strong><strong>Como devo proceder?<\/strong><\/p>\n<p>Se o pedido \u00e9 para registrar mudan\u00e7as de registro civil &#8211; casamento, div\u00f3rcio, nascimento de filhos menores , etc. \u2013 ser\u00e1 necess\u00e1rio seguir as instru\u00e7\u00f5es dispon\u00edveis na se\u00e7\u00e3o Registro Civil (https:\/\/conscuritiba.esteri.it\/pt\/servizi-consolari-e-visti\/servizi-per-il-cittadino-italiano\/stato-civile\/) e transmitir o pedido exclusivamente pelo correio pois entre <u>Brasil e It\u00e1lia n\u00e3o existe um acordo sobre a validade dos certificados em formato digital. <\/u><\/p>\n<p>Ressaltamos que nestes casos o pedido de inscri\u00e7\u00e3o AIRE deve ser feito exclusivamente pelo correio, acompanhado das certid\u00f5es de registro civil; ap\u00f3s o prazo legal de 180 dias, os interessados poder\u00e3o visualizar diretamente sua ficha cadastral no portal. Caso teha feito o pedido de inscri\u00e7\u00e3o pelo FAST IT e ele tenha sido recusado, este <em>status<\/em> n\u00e3o poder\u00e1 ser modificado.<\/p>\n<p><strong>6) Preciso de uma declara\u00e7\u00e3o de inscri\u00e7\u00e3o AIRE ou outros certificados de registro civil transcritos pelo Comune. Como posso obt\u00ea-los? <\/strong><\/p>\n<p>Para obter uma declara\u00e7\u00e3o de inscri\u00e7\u00e3o AIRE, entre outros certificados \u00e9 necess\u00e1rio:<\/p>\n<ul>\n<li>Acessar o site do ANPR: <a href=\"https:\/\/www.anagrafenazionale.interno.it\/servizi-anagrafici\/certificati\/\">https:\/\/www.anagrafenazionale.interno.it\/servizi-anagrafici\/certificati\/<\/a> ou;<\/li>\n<li>Dirigir-se atrav\u00e9s de <em>e-mail <\/em>ou PEC diretamente ao pr\u00f3prio Comune di refer\u00eancia.<\/li>\n<\/ul>\n<p><strong>7) Na minha ficha cadastral consta o nome do meu ex-c\u00f4njuge. Como posso atualizar meu cadastro?<\/strong><\/p>\n<p>O nome do <em>ex<\/em>-coniuge consta no cadastro somente como hist\u00f3rico de registro civil e n\u00e3o pode ser removido. Esclarecemos que esta informa\u00e7\u00e3o n\u00e3o constar\u00e1 em nenhum documento oficial.<\/p>\n","protected":false},"excerpt":{"rendered":"D\u00daVIDAS FREQUENTES COM RELA\u00c7\u00c3O \u00c0 FICHA CADASTRAL\/ FAST IT: 1) N\u00e3o consigo acessar minha ficha cadastral, mesmo sendo inscrito em Curitiba o portal me manda \u00e0 p\u00e1gina de solicita\u00e7\u00e3o de inscri\u00e7\u00e3o AIRE. Minha cidadania j\u00e1 foi reconhecida e estou registrado neste Consulado Geral. O que devo fazer? Este erro geralmente signifca que o registro no [&hellip;]","protected":false},"author":4,"featured_media":0,"parent":189,"menu_order":2,"comment_status":"closed","ping_status":"closed","template":"","meta":{"footnotes":""},"class_list":["post-501","page","type-page","status-publish","hentry"],"_links":{"self":[{"href":"https:\/\/conscuritiba.esteri.it\/pt\/wp-json\/wp\/v2\/pages\/501","targetHints":{"allow":["GET"]}}],"collection":[{"href":"https:\/\/conscuritiba.esteri.it\/pt\/wp-json\/wp\/v2\/pages"}],"about":[{"href":"https:\/\/conscuritiba.esteri.it\/pt\/wp-json\/wp\/v2\/types\/page"}],"author":[{"embeddable":true,"href":"https:\/\/conscuritiba.esteri.it\/pt\/wp-json\/wp\/v2\/users\/4"}],"replies":[{"embeddable":true,"href":"https:\/\/conscuritiba.esteri.it\/pt\/wp-json\/wp\/v2\/comments?post=501"}],"version-history":[{"count":2,"href":"https:\/\/conscuritiba.esteri.it\/pt\/wp-json\/wp\/v2\/pages\/501\/revisions"}],"predecessor-version":[{"id":1564,"href":"https:\/\/conscuritiba.esteri.it\/pt\/wp-json\/wp\/v2\/pages\/501\/revisions\/1564"}],"up":[{"embeddable":true,"href":"https:\/\/conscuritiba.esteri.it\/pt\/wp-json\/wp\/v2\/pages\/189"}],"wp:attachment":[{"href":"https:\/\/conscuritiba.esteri.it\/pt\/wp-json\/wp\/v2\/media?parent=501"}],"curies":[{"name":"wp","href":"https:\/\/api.w.org\/{rel}","templated":true}]}}