{"id":581,"date":"2022-12-13T16:30:46","date_gmt":"2022-12-13T19:30:46","guid":{"rendered":"https:\/\/conscuritiba.esteri.it\/\/servizi-consolari-e-visti\/servizi-per-il-cittadino-straniero\/cittadinanza\/cittadinanza-italiana-iure-sanguinis\/"},"modified":"2025-06-24T13:03:24","modified_gmt":"2025-06-24T16:03:24","slug":"cittadinanza-italiana-iure-sanguinis","status":"publish","type":"page","link":"https:\/\/conscuritiba.esteri.it\/pt\/servizi-consolari-e-visti\/servizi-per-il-cittadino-straniero\/cittadinanza\/cittadinanza-italiana-iure-sanguinis\/","title":{"rendered":"Cidadania iure sanguinis"},"content":{"rendered":"<p><em><strong>Para os requerentes residentes na circunscri\u00e7\u00e3o consular de compet\u00eancia do Consulado Geral da It\u00e1lia em Curitiba <\/strong><\/em><em><strong>(Paran\u00e1 e Santa Catarina).<\/strong><\/em><\/p>\n<p><strong>P\u00e1gina atualizada em 24\/06\/2025<\/strong><\/p>\n<p><strong>\u00a0<\/strong><\/p>\n<p>A Lei n\u00ba 74, de 23 de maio de 2025 (publicada no Di\u00e1rio Oficial em 23\/05\/2025, n\u00ba 118), converteu, com modifica\u00e7\u00f5es, o Decreto-Lei n\u00ba 36, de 28 de mar\u00e7o de 2025, que disp\u00f5e sobre medidas urgentes em mat\u00e9ria de cidadania.<\/p>\n<p>A cidadania italiana baseia-se no princ\u00edpio do\u00a0<em>jus sanguinis<\/em>\u00a0(direito de sangue), segundo o qual o filho nascido de pai\/m\u00e3e italiano\/a a \u00e9 cidad\u00e3o italiano.<br \/>\nO novo decreto, conforme altera\u00e7\u00f5es, n\u00e3o altera esse princ\u00edpio fundamental, mas estabelece importantes limita\u00e7\u00f5es \u00e0 transmiss\u00e3o da cidadania de uma gera\u00e7\u00e3o para outra, com base na efetividade do v\u00ednculo com a It\u00e1lia e na posse de outra cidadania.<\/p>\n<p><em>\u00a0<\/em><\/p>\n<p>&#8212;&#8212;&#8212;&#8212;&#8212;&#8212;&#8212;&#8212;&#8212;&#8212;&#8212;&#8212;&#8212;&#8212;&#8212;&#8212;&#8212;&#8212;&#8212;&#8212;&#8212;&#8212;&#8212;&#8212;&#8212;&#8212;&#8212;&#8212;&#8212;&#8212;&#8212;&#8212;&#8212;&#8212;&#8212;&#8212;&#8212;-<\/p>\n<p>Clique nas diferentes se\u00e7\u00f5es para mais informa\u00e7\u00f5es:<\/p>\n<ul>\n<li><u><a href=\"https:\/\/conscuritiba.esteri.it\/pt\/servizi-consolari-e-visti\/servizi-per-il-cittadino-straniero\/cittadinanza\/cittadinanza-italiana-iure-sanguinis\/cidadania-para-maiores-de-idade-nascidos-no-exterior\/\">Cidadania para\u00a0<strong>maiores<\/strong>\u00a0de idade nascidos no exterior<\/a>;<\/u><\/li>\n<li><u><a href=\"https:\/\/conscuritiba.esteri.it\/pt\/servizi-consolari-e-visti\/servizi-per-il-cittadino-straniero\/cittadinanza\/cittadinanza-italiana-iure-sanguinis\/filhos-menores-de-cidadaos-nao-exclusivamente-italianos-que-nao-transmitem-automaticamente-a-cidadania\/\">Aquisi\u00e7\u00e3o da cidadania italiana por parte de\u00a0<strong>filhos menores<\/strong>\u00a0de cidad\u00e3os que n\u00e3o transmitem automaticamente a cidadania italiana<\/a>;<\/u><\/li>\n<li><strong><strong><u><a href=\"https:\/\/conscuritiba.esteri.it\/pt\/servizi-consolari-e-visti\/servizi-per-il-cittadino-straniero\/cittadinanza\/cittadinanza-italiana-iure-sanguinis\/reaquisicao-da-cidadania-italiana\/\">Reaquisi\u00e7\u00e3o <\/a><\/u><\/strong><\/strong><u>da cidadania italiana<\/u><strong><strong><u>.\u00a0<\/u><\/strong><\/strong><\/li>\n<\/ul>\n<p>&nbsp;<\/p>\n<p>Informamos que este Consulado Geral\u00a0<strong><u>N\u00c3O RECONHECE, DE MODO ALGUM,<\/u><\/strong>\u00a0ag\u00eancias de consultoria, despachantes ou intermedi\u00e1rios de qualquer tipo para processos de cidadania italiana.<\/p>\n<p><strong>ANTES DE ENVIAR E-MAILS COM D\u00daVIDAS PEDIMOS GENTILMENTE LER COM ATEN\u00c7\u00c3O AS INSTRU\u00c7\u00d5ES DISPOSTAS NESTE SITE. Este Consulado Geral dar\u00e1 prioridade \u00e0s perguntas cujas respostas n\u00e3o se encontrem j\u00e1 publicadas.<\/strong><\/p>\n<p>&nbsp;<\/p>\n","protected":false},"excerpt":{"rendered":"Para os requerentes residentes na circunscri\u00e7\u00e3o consular de compet\u00eancia do Consulado Geral da It\u00e1lia em Curitiba (Paran\u00e1 e Santa Catarina). P\u00e1gina atualizada em 24\/06\/2025 \u00a0 A Lei n\u00ba 74, de 23 de maio de 2025 (publicada no Di\u00e1rio Oficial em 23\/05\/2025, n\u00ba 118), converteu, com modifica\u00e7\u00f5es, o Decreto-Lei n\u00ba 36, de 28 de mar\u00e7o de [&hellip;]","protected":false},"author":4,"featured_media":0,"parent":199,"menu_order":0,"comment_status":"closed","ping_status":"closed","template":"","meta":{"footnotes":""},"class_list":["post-581","page","type-page","status-publish","hentry"],"_links":{"self":[{"href":"https:\/\/conscuritiba.esteri.it\/pt\/wp-json\/wp\/v2\/pages\/581","targetHints":{"allow":["GET"]}}],"collection":[{"href":"https:\/\/conscuritiba.esteri.it\/pt\/wp-json\/wp\/v2\/pages"}],"about":[{"href":"https:\/\/conscuritiba.esteri.it\/pt\/wp-json\/wp\/v2\/types\/page"}],"author":[{"embeddable":true,"href":"https:\/\/conscuritiba.esteri.it\/pt\/wp-json\/wp\/v2\/users\/4"}],"replies":[{"embeddable":true,"href":"https:\/\/conscuritiba.esteri.it\/pt\/wp-json\/wp\/v2\/comments?post=581"}],"version-history":[{"count":7,"href":"https:\/\/conscuritiba.esteri.it\/pt\/wp-json\/wp\/v2\/pages\/581\/revisions"}],"predecessor-version":[{"id":3861,"href":"https:\/\/conscuritiba.esteri.it\/pt\/wp-json\/wp\/v2\/pages\/581\/revisions\/3861"}],"up":[{"embeddable":true,"href":"https:\/\/conscuritiba.esteri.it\/pt\/wp-json\/wp\/v2\/pages\/199"}],"wp:attachment":[{"href":"https:\/\/conscuritiba.esteri.it\/pt\/wp-json\/wp\/v2\/media?parent=581"}],"curies":[{"name":"wp","href":"https:\/\/api.w.org\/{rel}","templated":true}]}}