{"id":602,"date":"2022-12-14T16:17:53","date_gmt":"2022-12-14T15:17:53","guid":{"rendered":"https:\/\/conscuritiba.esteri.it\/\/in-linea-con-utente\/"},"modified":"2022-12-14T16:19:48","modified_gmt":"2022-12-14T15:19:48","slug":"in-linea-con-utente","status":"publish","type":"page","link":"https:\/\/conscuritiba.esteri.it\/pt\/news\/dal_consolato\/in-linea-con-utente\/","title":{"rendered":"Em linha com o usu\u00e1rio"},"content":{"rendered":"<p>Nesta se\u00e7\u00e3o o cidad\u00e3o pode efetuar on-line v\u00e1rios servi\u00e7os.<\/p>\n<p>Veja os links dispon\u00edveis no menu ao lado.<\/p>\n","protected":false},"excerpt":{"rendered":"Nesta se\u00e7\u00e3o o cidad\u00e3o pode efetuar on-line v\u00e1rios servi\u00e7os. Veja os links dispon\u00edveis no menu ao lado.","protected":false},"author":4,"featured_media":0,"parent":893,"menu_order":0,"comment_status":"closed","ping_status":"closed","template":"","meta":{"footnotes":""},"class_list":["post-602","page","type-page","status-publish","hentry"],"_links":{"self":[{"href":"https:\/\/conscuritiba.esteri.it\/pt\/wp-json\/wp\/v2\/pages\/602","targetHints":{"allow":["GET"]}}],"collection":[{"href":"https:\/\/conscuritiba.esteri.it\/pt\/wp-json\/wp\/v2\/pages"}],"about":[{"href":"https:\/\/conscuritiba.esteri.it\/pt\/wp-json\/wp\/v2\/types\/page"}],"author":[{"embeddable":true,"href":"https:\/\/conscuritiba.esteri.it\/pt\/wp-json\/wp\/v2\/users\/4"}],"replies":[{"embeddable":true,"href":"https:\/\/conscuritiba.esteri.it\/pt\/wp-json\/wp\/v2\/comments?post=602"}],"version-history":[{"count":1,"href":"https:\/\/conscuritiba.esteri.it\/pt\/wp-json\/wp\/v2\/pages\/602\/revisions"}],"predecessor-version":[{"id":603,"href":"https:\/\/conscuritiba.esteri.it\/pt\/wp-json\/wp\/v2\/pages\/602\/revisions\/603"}],"up":[{"embeddable":true,"href":"https:\/\/conscuritiba.esteri.it\/pt\/wp-json\/wp\/v2\/pages\/893"}],"wp:attachment":[{"href":"https:\/\/conscuritiba.esteri.it\/pt\/wp-json\/wp\/v2\/media?parent=602"}],"curies":[{"name":"wp","href":"https:\/\/api.w.org\/{rel}","templated":true}]}}