{"id":607,"date":"2022-12-14T16:21:28","date_gmt":"2022-12-14T15:21:28","guid":{"rendered":"https:\/\/conscuritiba.esteri.it\/\/in-linea-con-utente\/autocertificazione\/"},"modified":"2022-12-14T16:23:37","modified_gmt":"2022-12-14T15:23:37","slug":"autocertificazione","status":"publish","type":"page","link":"https:\/\/conscuritiba.esteri.it\/pt\/news\/dal_consolato\/in-linea-con-utente\/autocertificazione\/","title":{"rendered":"Auto-declara\u00e7\u00f5es"},"content":{"rendered":"<p>O que e&#8217; autocertificac\u00e3o?<\/p>\n<p>E&#8217; uma declaracao que o interessado redige e assina em seu proprio interesse sobre estados, fatos e qualidades pessoais e que utiliza nas relacoes com a Administracao Publica e com os concessionarios e gestores de servicos publicos.<\/p>\n","protected":false},"excerpt":{"rendered":"O que e&#8217; autocertificac\u00e3o? E&#8217; uma declaracao que o interessado redige e assina em seu proprio interesse sobre estados, fatos e qualidades pessoais e que utiliza nas relacoes com a Administracao Publica e com os concessionarios e gestores de servicos publicos.","protected":false},"author":4,"featured_media":0,"parent":602,"menu_order":0,"comment_status":"closed","ping_status":"closed","template":"","meta":{"footnotes":""},"class_list":["post-607","page","type-page","status-publish","hentry"],"_links":{"self":[{"href":"https:\/\/conscuritiba.esteri.it\/pt\/wp-json\/wp\/v2\/pages\/607","targetHints":{"allow":["GET"]}}],"collection":[{"href":"https:\/\/conscuritiba.esteri.it\/pt\/wp-json\/wp\/v2\/pages"}],"about":[{"href":"https:\/\/conscuritiba.esteri.it\/pt\/wp-json\/wp\/v2\/types\/page"}],"author":[{"embeddable":true,"href":"https:\/\/conscuritiba.esteri.it\/pt\/wp-json\/wp\/v2\/users\/4"}],"replies":[{"embeddable":true,"href":"https:\/\/conscuritiba.esteri.it\/pt\/wp-json\/wp\/v2\/comments?post=607"}],"version-history":[{"count":1,"href":"https:\/\/conscuritiba.esteri.it\/pt\/wp-json\/wp\/v2\/pages\/607\/revisions"}],"predecessor-version":[{"id":608,"href":"https:\/\/conscuritiba.esteri.it\/pt\/wp-json\/wp\/v2\/pages\/607\/revisions\/608"}],"up":[{"embeddable":true,"href":"https:\/\/conscuritiba.esteri.it\/pt\/wp-json\/wp\/v2\/pages\/602"}],"wp:attachment":[{"href":"https:\/\/conscuritiba.esteri.it\/pt\/wp-json\/wp\/v2\/media?parent=607"}],"curies":[{"name":"wp","href":"https:\/\/api.w.org\/{rel}","templated":true}]}}