{"id":618,"date":"2022-12-14T16:31:23","date_gmt":"2022-12-14T19:31:23","guid":{"rendered":"https:\/\/conscuritiba.esteri.it\/\/in-linea-con-utente\/prenota-lappuntamento\/"},"modified":"2024-05-20T10:58:11","modified_gmt":"2024-05-20T13:58:11","slug":"prenota-lappuntamento","status":"publish","type":"page","link":"https:\/\/conscuritiba.esteri.it\/pt\/news\/dal_consolato\/in-linea-con-utente\/prenota-lappuntamento\/","title":{"rendered":"Agende seu atendimento"},"content":{"rendered":"<p><strong>SETOR DE PASSAPORTES<br \/>\n<\/strong>Solicitamos ler atentamente as instru\u00e7\u00f5es para emiss\u00e3o de passaportes antes de agendar seu atendimento, na se\u00e7\u00e3o <a href=\"https:\/\/conscuritiba.esteri.it\/\/pt\/servizi-consolari-e-visti\/servizi-per-il-cittadino-italiano\/passaporti-e-carte-didentita\/\">Departamentos&gt; Passaportes.<\/a> Nao serao recebidos pedidos com documentacao incompleta. No caso de emiss\u00e3o de passaporte para cidad\u00e3os que tenham filhos menores de 18 anos, reitera-se que dever\u00e3o ter a autoriza\u00e7\u00e3o do outro genitor do menor para a\u00a0emiss\u00e3o do seu pr\u00f3prio passaporte. <a href=\"https:\/\/prenotami.esteri.it\/\">AGENDAMENTO PELO PORTAL PRENOT@MI<\/a><\/p>\n<p><strong>UFFICIO CITTADINANZA. <\/strong>AGENDAMENTO PELO <a href=\"https:\/\/prenotami.esteri.it\/\">PRENOT@MI\u00a0(novo)<\/a><\/p>\n<p>&nbsp;<\/p>\n","protected":false},"excerpt":{"rendered":"SETOR DE PASSAPORTES Solicitamos ler atentamente as instru\u00e7\u00f5es para emiss\u00e3o de passaportes antes de agendar seu atendimento, na se\u00e7\u00e3o Departamentos&gt; Passaportes. Nao serao recebidos pedidos com documentacao incompleta. No caso de emiss\u00e3o de passaporte para cidad\u00e3os que tenham filhos menores de 18 anos, reitera-se que dever\u00e3o ter a autoriza\u00e7\u00e3o do outro genitor do menor para [&hellip;]","protected":false},"author":4,"featured_media":0,"parent":602,"menu_order":2,"comment_status":"closed","ping_status":"closed","template":"","meta":{"footnotes":""},"class_list":["post-618","page","type-page","status-publish","hentry"],"_links":{"self":[{"href":"https:\/\/conscuritiba.esteri.it\/pt\/wp-json\/wp\/v2\/pages\/618","targetHints":{"allow":["GET"]}}],"collection":[{"href":"https:\/\/conscuritiba.esteri.it\/pt\/wp-json\/wp\/v2\/pages"}],"about":[{"href":"https:\/\/conscuritiba.esteri.it\/pt\/wp-json\/wp\/v2\/types\/page"}],"author":[{"embeddable":true,"href":"https:\/\/conscuritiba.esteri.it\/pt\/wp-json\/wp\/v2\/users\/4"}],"replies":[{"embeddable":true,"href":"https:\/\/conscuritiba.esteri.it\/pt\/wp-json\/wp\/v2\/comments?post=618"}],"version-history":[{"count":3,"href":"https:\/\/conscuritiba.esteri.it\/pt\/wp-json\/wp\/v2\/pages\/618\/revisions"}],"predecessor-version":[{"id":2507,"href":"https:\/\/conscuritiba.esteri.it\/pt\/wp-json\/wp\/v2\/pages\/618\/revisions\/2507"}],"up":[{"embeddable":true,"href":"https:\/\/conscuritiba.esteri.it\/pt\/wp-json\/wp\/v2\/pages\/602"}],"wp:attachment":[{"href":"https:\/\/conscuritiba.esteri.it\/pt\/wp-json\/wp\/v2\/media?parent=618"}],"curies":[{"name":"wp","href":"https:\/\/api.w.org\/{rel}","templated":true}]}}