{"id":626,"date":"2022-12-14T16:39:05","date_gmt":"2022-12-14T19:39:05","guid":{"rendered":"https:\/\/conscuritiba.esteri.it\/\/elenco-professionisti-di-riferimento\/"},"modified":"2023-11-22T08:23:41","modified_gmt":"2023-11-22T11:23:41","slug":"elenco-professionisti-di-riferimento","status":"publish","type":"page","link":"https:\/\/conscuritiba.esteri.it\/pt\/news\/dal_consolato\/elenco-professionisti-di-riferimento\/","title":{"rendered":"Elenco dos profissionais de refer\u00eancia"},"content":{"rendered":"<p>ELENCO DOS PROFISSIONAIS DE REFER\u00caNCIA \u00c0 DISPOSI\u00c7\u00c3O DOS USU\u00c1RIOS DE SERVI\u00c7OS CONSULARES<\/p>\n<ul>\n<li><a href=\"https:\/\/conscuritiba.esteri.it\/\/pt\/elenco-professionisti-di-riferimento\/traduttori-giurati\/\">Tradutores Juramentados<\/a><\/li>\n<li><a href=\"https:\/\/conscuritiba.esteri.it\/\/wp-content\/uploads\/2022\/12\/elenco_medici_di_fiducia.pdf\">Medicos de confian\u00e7a<\/a><\/li>\n<li><a href=\"https:\/\/conscuritiba.esteri.it\/wp-content\/uploads\/2023\/11\/Avvocati-di-riferimento.pdf\">Advocados de confian\u00e7a<\/a><\/li>\n<\/ul>\n","protected":false},"excerpt":{"rendered":"ELENCO DOS PROFISSIONAIS DE REFER\u00caNCIA \u00c0 DISPOSI\u00c7\u00c3O DOS USU\u00c1RIOS DE SERVI\u00c7OS CONSULARES Tradutores Juramentados Medicos de confian\u00e7a Advocados de confian\u00e7a","protected":false},"author":4,"featured_media":0,"parent":893,"menu_order":1,"comment_status":"closed","ping_status":"closed","template":"","meta":{"footnotes":""},"class_list":["post-626","page","type-page","status-publish","hentry"],"_links":{"self":[{"href":"https:\/\/conscuritiba.esteri.it\/pt\/wp-json\/wp\/v2\/pages\/626","targetHints":{"allow":["GET"]}}],"collection":[{"href":"https:\/\/conscuritiba.esteri.it\/pt\/wp-json\/wp\/v2\/pages"}],"about":[{"href":"https:\/\/conscuritiba.esteri.it\/pt\/wp-json\/wp\/v2\/types\/page"}],"author":[{"embeddable":true,"href":"https:\/\/conscuritiba.esteri.it\/pt\/wp-json\/wp\/v2\/users\/4"}],"replies":[{"embeddable":true,"href":"https:\/\/conscuritiba.esteri.it\/pt\/wp-json\/wp\/v2\/comments?post=626"}],"version-history":[{"count":5,"href":"https:\/\/conscuritiba.esteri.it\/pt\/wp-json\/wp\/v2\/pages\/626\/revisions"}],"predecessor-version":[{"id":1956,"href":"https:\/\/conscuritiba.esteri.it\/pt\/wp-json\/wp\/v2\/pages\/626\/revisions\/1956"}],"up":[{"embeddable":true,"href":"https:\/\/conscuritiba.esteri.it\/pt\/wp-json\/wp\/v2\/pages\/893"}],"wp:attachment":[{"href":"https:\/\/conscuritiba.esteri.it\/pt\/wp-json\/wp\/v2\/media?parent=626"}],"curies":[{"name":"wp","href":"https:\/\/api.w.org\/{rel}","templated":true}]}}