{"id":753,"date":"2022-12-15T16:39:47","date_gmt":"2022-12-15T15:39:47","guid":{"rendered":"https:\/\/conscuritiba.esteri.it\/\/italia-e-brasile\/diplomazia-economica\/fare-affari-in-brasile\/business-locale\/"},"modified":"2022-12-15T16:41:16","modified_gmt":"2022-12-15T15:41:16","slug":"business-locale","status":"publish","type":"page","link":"https:\/\/conscuritiba.esteri.it\/pt\/italia-e-brasile\/diplomazia-economica\/fare-affari-in-brasile\/business-locale\/","title":{"rendered":"Business Local"},"content":{"rendered":"<p>It\u00e1lia e Brasil apresentam sistemas econ\u00f4micos em boa parte complementares e rela\u00e7\u00f5es econ\u00f4micas consolidadas no tempo e em crescimento constante. Os dois Pa\u00edses, em 2008, apresentaram um interc\u00e2mbio comercial de 9,37 bilh\u00f5es de d\u00f3lares free on board (2,5% do total do interc\u00e2mbio comercial). Embora o interc\u00e2mbio global tenha se contra\u00eddo em 2009 em consequ\u00eancia da crise econ\u00f4mica mundial, a It\u00e1lia tornou-se no primeiro semestre de 2009 o oitavo principal fornecedor do Brasil, com uma participa\u00e7\u00e3o de cerca de 3% do total das importa\u00e7\u00f5es, e o d\u00e9cimo principal cliente, com uma cota de 2,2% do total das exporta\u00e7\u00f5es brasileiras. Em rela\u00e7\u00e3o aos investimentos diretos estrangeiros, a It\u00e1lia colocou-se em 2008 no d\u00e9cimo segundo lugar (se n\u00e3o se consideram os para\u00edsos fiscais) na classifica\u00e7\u00e3o dos pa\u00edses investidores no Brasil, com 326,27 milh\u00f5es de d\u00f3lares. O Brasil em 2007 investiu na It\u00e1lia 79 milh\u00f5es de d\u00f3lares. As exporta\u00e7\u00f5es italianas s\u00e3o principalmente concentradas no setor dos meios de automa\u00e7\u00e3o, maquin\u00e1rios utens\u00edlios, pe\u00e7as de autom\u00f3veis, \u00f3leos para a produ\u00e7\u00e3o petrol\u00edfera e produtos farmac\u00eauticos, enquanto come\u00e7am a ser registradas importa\u00e7\u00f5es do \u201cMade in Italy\u201d mais cl\u00e1ssico, como a moda e outros produtos de alto valor agregado. As importa\u00e7\u00f5es de produtos brasileiros na It\u00e1lia baseiam-se principalmente nos minerais de ferro, \u00f3leo bruto extra\u00eddo do petr\u00f3leo, a\u00e7o, caf\u00e9, soja, couros, a\u00e7\u00facar de cana e produtos da carne em suas varias elabora\u00e7\u00f5es industriais. Muitas empresas italianas de grande e m\u00e9dio porte encontram-se t\u00e3o radicadas no Pa\u00eds a ponto de serem identificadas como brasileiras e j\u00e1 n\u00e3o como estrangeiras, como a Fiat, Pirelli, Ferrero e Telecom Italia M\u00f3bile (para consultar a listagem das empresas italianas presentes no Brasil, aconselha-se acessar o site do \u201cInstituto Italiano para o Com\u00e9rcio Exterior \u2013 ICE\u201d de S\u00e3o Paulo. A coopera\u00e7\u00e3o econ\u00f4mica entre It\u00e1lia e Brasil se enquadra nas reuni\u00f5es do Conselho Brasil-It\u00e1lia para a Coopera\u00e7\u00e3o Econ\u00f4mica, Industrial, Financeira e para o Desenvolvimento, cujo \u00faltimo encontro ocorreu em 09 de novembro de 2009 em Bras\u00edlia, coincidindo com a inaugura\u00e7\u00e3o de um Mecanismo de Monitoramento do Com\u00e9rcio e dos Investimentos Bilaterais. No mesmo dia teve in\u00edcio em S\u00e3o Paulo a grande Miss\u00e3o de Sistema promovida pela CONFINDUSTRIA (Confedera\u00e7\u00e3o Italiana das Ind\u00fastrias), pelo ICE (Instituto Italiano para o Com\u00e9rcio Exterior) e pela ABI (Associa\u00e7\u00e3o de Bancos Italianos) que trouxe para o Brasil mais de 200 empresas italianas para um intenso programa de eventos e mais de 1.400 encontros \u201cB2B\u201d com empresas brasileiras. \u00c0 margem de tais ocasi\u00f5es foram assinados um Memorando de Entendimento no setor da seguran\u00e7a sanit\u00e1ria dos produtos alimentares de origem animal e v\u00e1rios entendimentos t\u00e9cnicos de colabora\u00e7\u00e3o (CONFINDUSTRIA-FIESP, Minist\u00e9rio italiano do Desenvolvimento Econ\u00f4mico-SEBRAE, SIMEST-BNDES, ICE-APEX, Embaixada &#8211; CONSECTI).<\/p>\n<p>Os dois Pa\u00edses cooperam tamb\u00e9m nos f\u00f3runs econ\u00f4micos multilaterais, onde o Brasil representa uma voz sempre mais importante, como, por exemplo, no \u00e2mbito da OMC do qual \u00e9 membro desde 1995. O Brasil, de fato, \u00e9 hoje a d\u00e9cima pot\u00eancia econ\u00f4mica mundial e a primeira da Am\u00e9rica Latina, considerando que mais de 40% da riqueza total do continente \u00e9 produzida no territ\u00f3rio brasileiro. O Brasil, em qualidade de importante economia emergente, \u00e9 membro do G5 (juntamente \u00e0 China, \u00cdndia, \u00c1frica do Sul e M\u00e9xico) e manteve em 2009 uma consulta especialmente intensa com a Presid\u00eancia italiana do G8. O Brasil possui um intenso e articulado programa de coopera\u00e7\u00e3o com a Uni\u00e3o Europ\u00e9ia e importantes rela\u00e7\u00f5es comerciais bilaterais, relan\u00e7adas por ocasi\u00e3o da terceira reuni\u00e3o de c\u00fapula Uni\u00e3o Europ\u00e9ia \u2013 Brasil, realizada em Estocolmo em 06 de outubro de 2009, por ocasi\u00e3o da qual foi assinada uma Dichiarazione congiunta e uma declara\u00e7\u00e3o final do EU-Brazil business summit. No Brasil est\u00e1 presente o Instituto Italiano para o Com\u00e9rcio Exterior (ICE), que atua atrav\u00e9s de um Escrit\u00f3rio em S\u00e3o Paulo e \u00e9 ativa a rede de c\u00e2maras de com\u00e9rcio composta pelas C\u00e2maras de Com\u00e9rcio de S\u00e3o Paulo, Rio de Janeiro, Porto Alegre, Belo Horizonte e Florian\u00f3polis. Em S\u00e3o Paulo s\u00e3o presentes tamb\u00e9m um observat\u00f3rio da Ag\u00eancia Nacional do Turismo (ENIT), um escrit\u00f3rio da SACE e um Adido Financeiro da Banca d\u2019Italia. Para ulteriores informa\u00e7\u00f5es, tamb\u00e9m sobre poss\u00edveis \u00e1reas de interven\u00e7\u00e3o para as empresas italianas em termos de penetra\u00e7\u00e3o comercial e de investimentos diretos estrangeiros, sugere-consultar a \u00faltima vers\u00e3o do Rapporto congiunto MAE-ICEredigido a cada semestre pela Embaixada da It\u00e1lia em Bras\u00edlia e pelo Instituto Italiano para o Com\u00e9rcio Exterior (ICE) de S\u00e3o Paulo.<\/p>\n","protected":false},"excerpt":{"rendered":"It\u00e1lia e Brasil apresentam sistemas econ\u00f4micos em boa parte complementares e rela\u00e7\u00f5es econ\u00f4micas consolidadas no tempo e em crescimento constante. Os dois Pa\u00edses, em 2008, apresentaram um interc\u00e2mbio comercial de 9,37 bilh\u00f5es de d\u00f3lares free on board (2,5% do total do interc\u00e2mbio comercial). Embora o interc\u00e2mbio global tenha se contra\u00eddo em 2009 em consequ\u00eancia da [&hellip;]","protected":false},"author":4,"featured_media":0,"parent":140,"menu_order":4,"comment_status":"closed","ping_status":"closed","template":"","meta":{"footnotes":""},"class_list":["post-753","page","type-page","status-publish","hentry"],"_links":{"self":[{"href":"https:\/\/conscuritiba.esteri.it\/pt\/wp-json\/wp\/v2\/pages\/753","targetHints":{"allow":["GET"]}}],"collection":[{"href":"https:\/\/conscuritiba.esteri.it\/pt\/wp-json\/wp\/v2\/pages"}],"about":[{"href":"https:\/\/conscuritiba.esteri.it\/pt\/wp-json\/wp\/v2\/types\/page"}],"author":[{"embeddable":true,"href":"https:\/\/conscuritiba.esteri.it\/pt\/wp-json\/wp\/v2\/users\/4"}],"replies":[{"embeddable":true,"href":"https:\/\/conscuritiba.esteri.it\/pt\/wp-json\/wp\/v2\/comments?post=753"}],"version-history":[{"count":1,"href":"https:\/\/conscuritiba.esteri.it\/pt\/wp-json\/wp\/v2\/pages\/753\/revisions"}],"predecessor-version":[{"id":754,"href":"https:\/\/conscuritiba.esteri.it\/pt\/wp-json\/wp\/v2\/pages\/753\/revisions\/754"}],"up":[{"embeddable":true,"href":"https:\/\/conscuritiba.esteri.it\/pt\/wp-json\/wp\/v2\/pages\/140"}],"wp:attachment":[{"href":"https:\/\/conscuritiba.esteri.it\/pt\/wp-json\/wp\/v2\/media?parent=753"}],"curies":[{"name":"wp","href":"https:\/\/api.w.org\/{rel}","templated":true}]}}