{"id":766,"date":"2022-12-15T16:53:25","date_gmt":"2022-12-15T15:53:25","guid":{"rendered":"https:\/\/conscuritiba.esteri.it\/\/italia-e-brasile\/diplomazia-economica\/fare-affari-in-brasile\/certificazione-dei-lavori-eseguiti-allestero-da-imprese-italiane-cel\/"},"modified":"2022-12-15T17:41:40","modified_gmt":"2022-12-15T16:41:40","slug":"certificazione-dei-lavori-eseguiti-allestero-da-imprese-italiane-cel","status":"publish","type":"page","link":"https:\/\/conscuritiba.esteri.it\/pt\/italia-e-brasile\/diplomazia-economica\/fare-affari-in-brasile\/certificazione-dei-lavori-eseguiti-allestero-da-imprese-italiane-cel\/","title":{"rendered":"Certificazione dei Lavori Eseguiti all\u00b4Estero da Imprese Italiane (CEL)"},"content":{"rendered":"<div>\n<p>La Certificazione dei lavori eseguiti all&#8217;estero da imprese italiane (CEL) prevista dall\u2019Art. 84 DPR 207\/2010, \u00e9 un servizio per il mondo imprenditoriale, la cui finalit\u00e1 \u00e9 quella di attestare le capacit\u00e1 e le qualificazioni delle imprese, consentendo loro di ampliare la sfera di operativit\u00e1 ed aggiudicazione di appalti pubblici.<\/p>\n<p>Per le procedure e la modulistica inerente si consiglia di leggere l\u00b4avviso e consultare gli allegati:<\/p>\n<ol>\n<li><a href=\"https:\/\/conscuritiba.esteri.it\/\/wp-content\/uploads\/2022\/12\/avviso-CEL.pdf\">Avviso<\/a><\/li>\n<li><a href=\"https:\/\/conscuritiba.esteri.it\/\/it\/italia-e-brasile\/diplomazia-economica\/fare-affari-in-brasile\/certificazione-dei-lavori-eseguiti-allestero-da-imprese-italiane-cel\/istruzioni-per-le-imprese-e-per-i-tecnici-di-fiducia\/\">Istruzioni per le Imprese e per i Tecnici di Fiducia<\/a><\/li>\n<li><a href=\"https:\/\/conscuritiba.esteri.it\/\/it\/italia-e-brasile\/diplomazia-economica\/fare-affari-in-brasile\/certificazione-dei-lavori-eseguiti-allestero-da-imprese-italiane-cel\/allegati-e-modulistica\/\">Allegati e Modulistica<\/a><\/li>\n<\/ol>\n<\/div>\n","protected":false},"excerpt":{"rendered":"La Certificazione dei lavori eseguiti all&#8217;estero da imprese italiane (CEL) prevista dall\u2019Art. 84 DPR 207\/2010, \u00e9 un servizio per il mondo imprenditoriale, la cui finalit\u00e1 \u00e9 quella di attestare le capacit\u00e1 e le qualificazioni delle imprese, consentendo loro di ampliare la sfera di operativit\u00e1 ed aggiudicazione di appalti pubblici. Per le procedure e la modulistica [&hellip;]","protected":false},"author":4,"featured_media":0,"parent":140,"menu_order":7,"comment_status":"closed","ping_status":"closed","template":"","meta":{"footnotes":""},"class_list":["post-766","page","type-page","status-publish","hentry"],"_links":{"self":[{"href":"https:\/\/conscuritiba.esteri.it\/pt\/wp-json\/wp\/v2\/pages\/766","targetHints":{"allow":["GET"]}}],"collection":[{"href":"https:\/\/conscuritiba.esteri.it\/pt\/wp-json\/wp\/v2\/pages"}],"about":[{"href":"https:\/\/conscuritiba.esteri.it\/pt\/wp-json\/wp\/v2\/types\/page"}],"author":[{"embeddable":true,"href":"https:\/\/conscuritiba.esteri.it\/pt\/wp-json\/wp\/v2\/users\/4"}],"replies":[{"embeddable":true,"href":"https:\/\/conscuritiba.esteri.it\/pt\/wp-json\/wp\/v2\/comments?post=766"}],"version-history":[{"count":1,"href":"https:\/\/conscuritiba.esteri.it\/pt\/wp-json\/wp\/v2\/pages\/766\/revisions"}],"predecessor-version":[{"id":782,"href":"https:\/\/conscuritiba.esteri.it\/pt\/wp-json\/wp\/v2\/pages\/766\/revisions\/782"}],"up":[{"embeddable":true,"href":"https:\/\/conscuritiba.esteri.it\/pt\/wp-json\/wp\/v2\/pages\/140"}],"wp:attachment":[{"href":"https:\/\/conscuritiba.esteri.it\/pt\/wp-json\/wp\/v2\/media?parent=766"}],"curies":[{"name":"wp","href":"https:\/\/api.w.org\/{rel}","templated":true}]}}