{"id":87,"date":"2022-12-07T17:54:14","date_gmt":"2022-12-07T20:54:14","guid":{"rendered":"https:\/\/conscuritiba.esteri.it\/\/chi-siamo\/gli-uffici\/"},"modified":"2025-03-19T17:08:53","modified_gmt":"2025-03-19T20:08:53","slug":"gli-uffici","status":"publish","type":"page","link":"https:\/\/conscuritiba.esteri.it\/pt\/chi-siamo\/gli-uffici\/","title":{"rendered":"Os setores"},"content":{"rendered":"<p><strong>Correio Eletr\u00f4nico Certificado PEC:\u00a0<\/strong><a href=\"mailto:con.curitiba@cert.esteri.it\">con.curitiba@cert.esteri.it<\/a>\u00a0<strong>\u00a0&#8211; Somente para endere\u00e7os habilitados exclusivamente ao recebimento de Correio Eletr\u00f4nico Certificado (PEC)<\/strong><\/p>\n<p><strong>PASSAPORTE<\/strong><\/p>\n<p>Respons\u00e1vel pela emiss\u00e3o de passaportes individuais e, em casos de emerg\u00eancia, do ETD (documento de viagem de emerg\u00eancia).<\/p>\n<p>E-mail:\u00a0<a href=\"mailto:passaporti.curitiba@esteri.it\">passaporti.curitiba@esteri.it<\/a><\/p>\n<p>&nbsp;<\/p>\n<p><strong>REGISTRO CONSULAR\/REGISTRO CIVIL<\/strong><\/p>\n<p>Respons\u00e1vel pela\u00a0transimiss\u00e3o e transcri\u00e7\u00e3o de certid\u00f5es de nascimento, casamento, \u00f3bito etc. junto aos munic\u00edpios italianos.<\/p>\n<p>E-mail:\u00a0<a href=\"mailto:curitiba.anagrafe@esteri.it\">curitiba.anagrafe@esteri.it<\/a><\/p>\n<p>E-mail: <a href=\"mailto:statocivile.curitiba@esteri.it\">statocivile.curitiba@esteri.it<\/a><\/p>\n<p>&nbsp;<\/p>\n<p><strong>CIDADANIA<\/strong><\/p>\n<p>Respons\u00e1vel pela trata\u00e7\u00e3o dos pedidos de reconhecimento da cidadania italiana por descend\u00eancia, casamento e outros casos previstos pela lei.<\/p>\n<p>E-mail:\u00a0<a href=\"mailto:cittadinanza.curitiba@esteri.it\">cittadinanza.curitiba@esteri.it<\/a>\u00a0;\u00a0<a href=\"mailto:curitiba.trentini@esteri.it\">curitiba.trentini@esteri.it<\/a>\u00a0;\u00a0<a href=\"mailto:curitiba.naturalizzazioni@esteri.it\">curitiba.naturalizzazioni@esteri.it<\/a><\/p>\n<p>&nbsp;<\/p>\n<p><strong>CODICE FISCALE<\/strong><\/p>\n<p>Emiss\u00e3o Codice Fiscale<\/p>\n<p>E-mail: <a href=\"mailto:curitiba.notarile@esteri.it\">curitiba.notarile@esteri.it<\/a><\/p>\n<p>&nbsp;<\/p>\n<p><strong>NAVEGA\u00c7\u00c3O<\/strong><\/p>\n<p>Respons\u00e1vel pelo registro das chegadas e partidas de navios italianos nos portos da Circunscri\u00e7\u00e3o consular.<\/p>\n<p>E-mail:\u00a0<a href=\"mailto:curitiba.vicario@esteri.it\">curitiba.vicario@esteri.it<\/a><\/p>\n<p>&nbsp;<\/p>\n<p><strong>ASSIST\u00caNCIA<\/strong><\/p>\n<p>Tutela os italianos que se encontram em especificas situa\u00e7\u00f5es de dificuldade. Fornece assist\u00eancia aos detidos pela p\u00f3l\u00edcia e \u00e0queles que necessitam de auxilio m\u00e9dico hospitalar. Assiste os familiares dos falecidos no processo burocr\u00e1tico visado a repatria\u00e7\u00e3o do corpo na It\u00e1lia.<\/p>\n<p>E-mail:\u00a0<a href=\"mailto:culturale.curitiba@esteri.it\">culturale.curitiba@esteri.it<\/a><\/p>\n<p>&nbsp;<\/p>\n<p><strong>SERVI\u00c7OS CARTORIAIS<\/strong><\/p>\n<p>Trata a elabora\u00e7\u00e3o de procura\u00e7\u00f5es gerais e especiais em favor dos italianos que moram na circunscri\u00e7\u00e3o e as autentica\u00e7\u00f5es de assinaturas. N\u00e3o \u00e9 responsavel pela legaliza\u00e7\u00e3o de documentos.<\/p>\n<p>E-mail:\u00a0<a href=\"mailto:curitiba.notarile@esteri.it\">culturale.curitiba@esteri.it<\/a><\/p>\n<p>&nbsp;<\/p>\n<p><strong>ESTUDOS<\/strong><\/p>\n<p>Fornece informa\u00e7\u00f5es e consultoria para a inscri\u00e7\u00e3o em escolas e Universidades na It\u00e1lia. Tamb\u00e9m emite as declara\u00e7\u00f5es de valor para os t\u00edtulos obtidos junto a escolas e Universidades dessa Circunscri\u00e7\u00e3o Consular.<\/p>\n<p>E-mail:\u00a0<a href=\"mailto:culturale.curitiba@esteri.it\">culturale.curitiba@esteri.it<\/a><\/p>\n<p>&nbsp;<\/p>\n<p><strong>VISTOS<\/strong><\/p>\n<p>Emiss\u00e3o de vistos para cidad\u00e3os brasileiros (acima de 90 dias) e de vistos Schengen (at\u00e9 90 dias) para estrangeiros residentes na<br \/>\nCircunscri\u00e7\u00e3o consular. Cidad\u00e3os brasileiros que necessitam permanecer na It\u00e1lia, durante um periodo max de 90 dias, por motivos de estudo, turismo ou negocios n\u00e3o necessitam de visto.<\/p>\n<p>E-mail:\u00a0<a href=\"mailto:visti.curitiba@esteri.it\">visti.curitiba@esteri.it<\/a><\/p>\n<p>&nbsp;<\/p>\n<p><strong>SECRETARIA C\u00d4NSUL<\/strong><\/p>\n<p>Somente por agendamento <a href=\"mailto:segreteria.curitiba@esteri.it\">segreteria.curitiba@esteri.it<\/a><\/p>\n<p>&nbsp;<\/p>\n<p><strong>LEGALIZA\u00c7\u00d5ES<\/strong><\/p>\n<p>At\u00e9 o dia\u00a012\/08\/2016 legaliza, ou seja d\u00e0 valor legal na It\u00e1lia, aos documentos brasileiros e \u00e0s\u00a0tradu\u00e7\u00f5es\u00a0de\u00a0tradutores juramentados brasileiros.<\/p>\n","protected":false},"excerpt":{"rendered":"Correio Eletr\u00f4nico Certificado PEC:\u00a0con.curitiba@cert.esteri.it\u00a0\u00a0&#8211; Somente para endere\u00e7os habilitados exclusivamente ao recebimento de Correio Eletr\u00f4nico Certificado (PEC) PASSAPORTE Respons\u00e1vel pela emiss\u00e3o de passaportes individuais e, em casos de emerg\u00eancia, do ETD (documento de viagem de emerg\u00eancia). E-mail:\u00a0passaporti.curitiba@esteri.it &nbsp; REGISTRO CONSULAR\/REGISTRO CIVIL Respons\u00e1vel pela\u00a0transimiss\u00e3o e transcri\u00e7\u00e3o de certid\u00f5es de nascimento, casamento, \u00f3bito etc. junto aos munic\u00edpios italianos. [&hellip;]","protected":false},"author":3,"featured_media":0,"parent":33,"menu_order":0,"comment_status":"closed","ping_status":"closed","template":"","meta":{"footnotes":""},"class_list":["post-87","page","type-page","status-publish","hentry"],"_links":{"self":[{"href":"https:\/\/conscuritiba.esteri.it\/pt\/wp-json\/wp\/v2\/pages\/87","targetHints":{"allow":["GET"]}}],"collection":[{"href":"https:\/\/conscuritiba.esteri.it\/pt\/wp-json\/wp\/v2\/pages"}],"about":[{"href":"https:\/\/conscuritiba.esteri.it\/pt\/wp-json\/wp\/v2\/types\/page"}],"author":[{"embeddable":true,"href":"https:\/\/conscuritiba.esteri.it\/pt\/wp-json\/wp\/v2\/users\/3"}],"replies":[{"embeddable":true,"href":"https:\/\/conscuritiba.esteri.it\/pt\/wp-json\/wp\/v2\/comments?post=87"}],"version-history":[{"count":5,"href":"https:\/\/conscuritiba.esteri.it\/pt\/wp-json\/wp\/v2\/pages\/87\/revisions"}],"predecessor-version":[{"id":3302,"href":"https:\/\/conscuritiba.esteri.it\/pt\/wp-json\/wp\/v2\/pages\/87\/revisions\/3302"}],"up":[{"embeddable":true,"href":"https:\/\/conscuritiba.esteri.it\/pt\/wp-json\/wp\/v2\/pages\/33"}],"wp:attachment":[{"href":"https:\/\/conscuritiba.esteri.it\/pt\/wp-json\/wp\/v2\/media?parent=87"}],"curies":[{"name":"wp","href":"https:\/\/api.w.org\/{rel}","templated":true}]}}