{"id":89,"date":"2022-12-07T17:55:24","date_gmt":"2022-12-07T16:55:24","guid":{"rendered":"https:\/\/conscuritiba.esteri.it\/\/chi-siamo\/numeri-di-emergenza\/"},"modified":"2022-12-07T18:45:57","modified_gmt":"2022-12-07T17:45:57","slug":"numeri-di-emergenza","status":"publish","type":"page","link":"https:\/\/conscuritiba.esteri.it\/pt\/chi-siamo\/numeri-di-emergenza\/","title":{"rendered":"N\u00fameros de emerg\u00eancia"},"content":{"rendered":"<p>Para obter informa\u00e7\u00f5es gerais e operacionais sobre seguran\u00e7a no Brasil, consulte o site da unidade de crise &#8220;<a href=\"http:\/\/www.viaggiaresicuri.it\/\">Viaggiare Sicuri<\/a>&#8221; do Minist\u00e9rio das Rela\u00e7\u00f5es Exteriores.<\/p>\n<p>Se voc\u00ea planeja uma viagem ou mora no Brasil, n\u00e3o se esque\u00e7a de se registrar no site &#8220;<a href=\"https:\/\/www.dovesiamonelmondo.it\/home.html\">Onde estamos no Mundo<\/a>&#8221; para ser rastreado em caso de emerg\u00eancia.<\/p>\n<p><strong>EXCLUSIVAMENTE PARA CIDAD\u00c3OS ITALIANOS<\/strong><\/p>\n<p>N\u00famero a ser chamado apenas em casos de\u00a0<strong>extrema e real emerg\u00eancia<\/strong>\u00a0(graves acidentes, deten\u00e7\u00e3o, morte, etc.) depois do horario de trabalho desse Consulado Geral\u00a0e nos finais de semana (Sexta das 14:30 \u00e0s 22:00 &#8211; S\u00e1bado e Domingo das 08:00 \u00e0s 22:00) e feriados:<\/p>\n<p>(00 55 41) 99997 5058<\/p>\n<p><strong>Este n\u00famero n\u00e3o oferece informa\u00e7\u00f5es sobre cidadania, passaportes, vistos e outros servi\u00e7os consulares.<\/strong><\/p>\n<p>Para este tipo de informa\u00e7\u00f5es pede-se conferir as paginas deste site.<\/p>\n","protected":false},"excerpt":{"rendered":"Para obter informa\u00e7\u00f5es gerais e operacionais sobre seguran\u00e7a no Brasil, consulte o site da unidade de crise &#8220;Viaggiare Sicuri&#8221; do Minist\u00e9rio das Rela\u00e7\u00f5es Exteriores. Se voc\u00ea planeja uma viagem ou mora no Brasil, n\u00e3o se esque\u00e7a de se registrar no site &#8220;Onde estamos no Mundo&#8221; para ser rastreado em caso de emerg\u00eancia. EXCLUSIVAMENTE PARA CIDAD\u00c3OS [&hellip;]","protected":false},"author":3,"featured_media":0,"parent":33,"menu_order":0,"comment_status":"closed","ping_status":"closed","template":"","meta":{"footnotes":""},"class_list":["post-89","page","type-page","status-publish","hentry"],"_links":{"self":[{"href":"https:\/\/conscuritiba.esteri.it\/pt\/wp-json\/wp\/v2\/pages\/89","targetHints":{"allow":["GET"]}}],"collection":[{"href":"https:\/\/conscuritiba.esteri.it\/pt\/wp-json\/wp\/v2\/pages"}],"about":[{"href":"https:\/\/conscuritiba.esteri.it\/pt\/wp-json\/wp\/v2\/types\/page"}],"author":[{"embeddable":true,"href":"https:\/\/conscuritiba.esteri.it\/pt\/wp-json\/wp\/v2\/users\/3"}],"replies":[{"embeddable":true,"href":"https:\/\/conscuritiba.esteri.it\/pt\/wp-json\/wp\/v2\/comments?post=89"}],"version-history":[{"count":2,"href":"https:\/\/conscuritiba.esteri.it\/pt\/wp-json\/wp\/v2\/pages\/89\/revisions"}],"predecessor-version":[{"id":103,"href":"https:\/\/conscuritiba.esteri.it\/pt\/wp-json\/wp\/v2\/pages\/89\/revisions\/103"}],"up":[{"embeddable":true,"href":"https:\/\/conscuritiba.esteri.it\/pt\/wp-json\/wp\/v2\/pages\/33"}],"wp:attachment":[{"href":"https:\/\/conscuritiba.esteri.it\/pt\/wp-json\/wp\/v2\/media?parent=89"}],"curies":[{"name":"wp","href":"https:\/\/api.w.org\/{rel}","templated":true}]}}