{"id":90,"date":"2022-12-07T17:59:38","date_gmt":"2022-12-07T20:59:38","guid":{"rendered":"https:\/\/conscuritiba.esteri.it\/\/chi-siamo\/la-rete-consolare\/"},"modified":"2025-07-24T13:16:39","modified_gmt":"2025-07-24T16:16:39","slug":"la-rete-consolare","status":"publish","type":"page","link":"https:\/\/conscuritiba.esteri.it\/pt\/chi-siamo\/la-rete-consolare\/","title":{"rendered":"A rede consular"},"content":{"rendered":"<p><strong><span style=\"text-decoration: underline;\">REDE CONSULAR HONOR\u00c1RIA &#8211; ESTADO DO PARAN\u00c1<\/span><\/strong><\/p>\n<p><strong>VICE-CONSULADO HONOR\u00c1RIO EM LONDRINA<\/strong><\/p>\n<p><strong>Circunscri\u00e7\u00e3o<\/strong> : Munic\u00edpios das regi\u00f5es administrativas de Londrina, Apucarana, Campo Mour\u00e3o, Cianorte, Corn\u00e9lio Proc\u00f3pio, Ivaipor\u00e3, Jacarezinho, Maring\u00e1, Paranava\u00ed, Umuarama.<\/p>\n<p><strong>Vice-Cons\u00fbl Honor\u00e1rio<\/strong><br \/>\nBruno Veronesi<br \/>\nRua Pernambuco, 872 &#8211; Ideal Plaza Hotel<br \/>\nCep: 86020-071 &#8211; Caixa Postal, 166<br \/>\ntel: (0xx43) 3323-2839<br \/>\nfax: (0xx43) 3315-1617<br \/>\ne-mail: <a href=\"mailto:londrina.vicecons.onorario@gmail.com\">londrina.vicecons.onorario@gmail.com<\/a><\/p>\n<p>&nbsp;<\/p>\n<p><strong>VICE-CONSULADO HONOR\u00c1RIO EM PARANAGU\u00c1 (vacante)<\/strong><\/p>\n<p><strong>Circunscri\u00e7\u00e3o:<\/strong>\u00a0Regi\u00e3o\u00a0administrativas e portuaria de\u00a0Paranagu\u00e1<\/p>\n<p>&nbsp;<\/p>\n<p><strong>AG\u00caNCIA CONSULAR HONOR\u00c1RIA EM FOZ DO IGUA\u00c7\u00da<\/strong><\/p>\n<p><strong>Circunscri\u00e7\u00e3o:<\/strong> Munic\u00edpios das regi\u00f5es administrativas de Foz do Igua\u00e7\u00fa, Cascavel, Francisco Beltr\u00e3o, Guarapuava, Laranjeiras do Sul, Pato Branco e Toledo<\/p>\n<p>Bruno Mendes Biesuz<br \/>\nAv. das Cataratas 11130<br \/>\nCep: 85853-000<br \/>\ntel\/fax:\u00a0 (0xx45) 3529-7474; (0xx45) 98827-2996<br \/>\ne-mail: <a href=\"mailto:fozdoiguacu.agcons.onoraria@gmail.com\">fozdoiguacu.agcons.onoraria@gmail.com<\/a><br \/>\nAtendimento ao p\u00fablico de segunda a sexta-feira , das 9:00 as 17:00, com agendamento pr\u00e9vio por mensagem pelo whatsapp ou e-mail.<\/p>\n<p>&nbsp;<\/p>\n<p><strong>CORRESPONDENTE CONSULAR\u00a0 HONOR\u00c1RIO EM CASCAVEL<\/strong><br \/>\nLuis Sergio Spricido<br \/>\nRua Paraguai, 758 &#8211; Alto Alegre<br \/>\nCep: 85805-020<br \/>\ne-mail: <a href=\"mailto:cascavel.corrispcons.onorario@gmail.com\">cascavel.corrispcons.onorario@gmail.com<\/a><br \/>\nAtendimento ao p\u00fablico: de segunda a sexta-feira, das 08:00 \u00e0s 18:00.<\/p>\n<p><strong>CORRESPONDENTE CONSULAR\u00a0 HONOR\u00c1RIO EM FRANCISCO BELTR\u00c3O<\/strong><br \/>\nNevio Urio<br \/>\nAv. Antonio De Paiva Cantelmo 1222<br \/>\nCep 85601-270<br \/>\ntel: (0xx46) 3525-8800 \/ (0xx46) 99911-9535<br \/>\ne-mail: <a href=\"mailto:beltrao.corrispcons.onorario@cesul.br\">beltrao.corrispcons.onorario@cesul.br<\/a><\/p>\n<p>&nbsp;<\/p>\n<p><strong>CORRESPONDENTE CONSULAR\u00a0 HONOR\u00c1RIO EM CAMPO MOUR\u00c3O <\/strong>(a nomear)<\/p>\n<p>&nbsp;<\/p>\n<p><strong><span style=\"text-decoration: underline;\">REDE CONSULAR HONOR\u00c1RIA &#8211; ESTADO DE SANTA CATARINA<\/span><br \/>\n<\/strong><\/p>\n<p><strong>CONSULADO HONOR\u00c1RIO EM FLORIAN\u00d3POLIS<\/strong><\/p>\n<p><strong>Circunscri\u00e7\u00e3o:<\/strong>\u00a0Munic\u00edpios das regi\u00f5es administrativas de Florian\u00f3polis, Ituporanga, Lages, Laguna e dei Comuni di Itapema, Porto Belo e Bombinhas<\/p>\n<p><strong>C\u00f4nsul Honor\u00e1rio<\/strong><br \/>\nAttilio Colitti<br \/>\nAv. Luiz Boiteaux Piazza, 2973<br \/>\nCachoeira do Bom Jesus &#8211; Cep 88054-700<\/p>\n<p><strong>AG\u00caNCIA CONSULAR HONOR\u00c1RIA EM CRICI\u00daMA<\/strong><\/p>\n<p><strong>Circunscri\u00e7\u00e3o:<\/strong>\u00a0Munic\u00edpios das regi\u00f5es administrativas de Criciuma, Ararangu\u00e1 e S\u00e3o Joaquim<\/p>\n<p><strong>Agente Consular Honor\u00e1rio<\/strong><br \/>\nOlvacir Jos\u00e9 Bez Fontana<br \/>\nRua Princesa Isabel, 40 sala 508<br \/>\nCep: 88801-130<br \/>\ntel\/fax: (0xx48) 99133-7761<br \/>\ne-mail: <a href=\"mailto:criciuma.agcons.onoraria@outlook.com\">criciuma.agcons.onoraria@outlook.com<\/a><\/p>\n<p>Atendimento ao p\u00fablico: de ter\u00e7a-feira a quinta-feira, das 13:00 \u00e0s 17:30 com agendamento pr\u00e9vio por mensagem pelo whatsapp ou e-mail.<\/p>\n<p>&nbsp;<\/p>\n<p><strong>AG\u00caNCIA CONSULAR HONOR\u00c1RIA EM JOINVILLE<\/strong><\/p>\n<p><strong>Circunscri\u00e7\u00e3o<\/strong>: Munic\u00edpios das regi\u00f5es administrativas de Joinville, Canoinhas, Jaragu\u00e1 do Sul e Mafra<\/p>\n<p><strong>Agente Consular Honor\u00e1rio<\/strong><br \/>\nGuilherme Marco De Lima<br \/>\nRua: Dona Francisca, 8300 \u2013 Bloco 9, M\u00f3dulo D<br \/>\nPerini Business Park &#8211; Distrito Industrial<br \/>\nJoinville\/SC &#8211; CEP \u2013 89.219-600<br \/>\ntel\/fax: (0xx47)\u00a03842-1897<br \/>\ne-mail: <a href=\"mailto:joinville.agcons.onoraria@agenciaconsularjoinville.com.br\">joinville.agcons.onoraria@agenciaconsularjoinville.com.br<\/a><br \/>\nAtendimento ao publico: de segunda a sexta-feira das 9:00 as 12:00 e das 13:30 as 16:30<\/p>\n<p>&nbsp;<\/p>\n<p><strong>AG\u00caNCIA CONSULAR HONOR\u00c1RIA EM BLUMENAU<\/strong><\/p>\n<p><strong>Circunscri\u00e7\u00e3o<\/strong>: Munic\u00edpios das regi\u00f5es administrativas de Itaja\u00ed, Blumenau, Brusque, Timb\u00f3, Rio dos Cedros, Doutor Pedrinho e Rio Do Sul<\/p>\n<p><strong>Agente Consular Honor\u00e1rio<\/strong><br \/>\nNorma Maria Da Rui<br \/>\nRua Bonifacio Cunha, 51 Edificio ALLA<br \/>\nCep: 89010-349<br \/>\ntel: (0xx47) 3322-8733<br \/>\ne-mail: blumenau.agcons.onoraria@hotmail.com<br \/>\nAtendimento ao p\u00fablico: ter\u00e7a-feira das 9 \u00e0s 12 e quinta-feira das 13:30 \u00e0s 17:30.<\/p>\n<p>&nbsp;<\/p>\n<p><strong>CORRESPONDENTE CONSULAR\u00a0 HONOR\u00c1RIO EM CONCORDIA<\/strong><br \/>\nCristiane Zucchi<br \/>\nRua Romano Anselmo Fontana 996, Bairro Jardim<br \/>\nCep: 89703-078<br \/>\nTel: (0xx49) 99989-1098<br \/>\nE-mail: <a href=\"mailto:concordia.corrispcons.onorario@gmail.com\">concordia.corrispcons.onorario@gmail.com<\/a><\/p>\n<p>Atendimento ao p\u00fablico:\u00a0 de segunda a sexta feira com agendamento pr\u00e9vio por e-mail<\/p>\n<p><strong>CORRESPONDENTE CONSULAR\u00a0 HONOR\u00c1RIO EM JARAGU\u00c1 DO SUL<\/strong><br \/>\nIria Tancon<br \/>\nRua Jose&#8217; De Paula Bueno 145 &#8211; Ilha da Figueira<br \/>\nCep 89258-690<br \/>\nTel: (0xx47) 99914-8964 \/ (0xx47) 3370-4700<br \/>\nE-mail: <a href=\"mailto:jaragua.corrispcons.onorario@gmail.com\">jaragua.corrispcons.onorario@gmail.com<\/a><\/p>\n<p>Atendimento ao p\u00fablico:\u00a0 de segunda a sexta feira das 9h as\u00a012h\u00a0e das 14h \u00e0s 16h com agendamento pr\u00e9vio por e-mail<\/p>\n<p><strong>CORRESPONDENTE CONSULAR\u00a0 HONOR\u00c1RIO EM LAGES<\/strong><br \/>\nGiovani Durigon Freitas<br \/>\nRua Fulvio Aducci 200<br \/>\nCep 88504-215<br \/>\ntel . (0xx49) 3224-0292<br \/>\ncell: (0xx49) 99912-7413<br \/>\nemail: <a href=\"mailto:lages.corrispcons.onorario@gmail.com\">lages.corrispcons.onorario@gmail.com<\/a><\/p>\n<p>&nbsp;<\/p>\n<p><strong>CORRESPONDENTE CONSULAR\u00a0 HONOR\u00c1RIO EM VIDEIRA<\/strong><br \/>\nAdemir Luiz Bogoni<br \/>\nRua Mal. Floriano Peixoto, 399 sala 01<br \/>\nCep 89560-000<br \/>\ntel (0xx49) 3566-0892<br \/>\nemail: <a href=\"mailto:videira.corrispcons.onorario@hotmail.com\">videira.corrispcons.onorario@hotmail.com<\/a><\/p>\n<p><strong>CORRESPONDENTE CONSULAR\u00a0 HONOR\u00c1RIO EM ARROIO TRINTA<\/strong><br \/>\nClaudio Spricigo<br \/>\nRua Madalena Massardi Nordio 101 ap 502 CEP 89590-000<br \/>\ntel: (0xx49) 99801-1630<br \/>\nemail: <a href=\"mailto:Arroio30.corrispcons.onorario@gmail.com\">Arroio30.corrispcons.onorario@gmail.com<\/a><\/p>\n<p>Atendimento ao p\u00fablico: de segunda a quarta-feira, das 09:00 \u00e0s 11:00 com agendamento previo por e-mail<\/p>\n<p><strong>CORRESPONDENTE CONSULAR\u00a0 HONOR\u00c1RIO EM CHAPEC\u00d3<\/strong><br \/>\nVincenzo Francesco Mastrogiacomo<br \/>\nRua Lauro Muller 329 D, Sala 10 CEP 89802-520<br \/>\ntel: (0xx49) 3322-3814<br \/>\ncell: (0xx49) 99987-2750<br \/>\nemail: <a href=\"mailto:Chapeco.corrispcons.onorario@gmail.com\">Chapeco.corrispcons.onorario@gmail.com<\/a><\/p>\n<p>Atendimento ao p\u00fablico: segunda e quarta-feira, das 09:00 \u00e0s 12:00.<\/p>\n<p><strong>CORRESPONDENTE CONSULAR\u00a0 HONOR\u00c1RIO EM XAXIM<\/strong>(a nomear)<\/p>\n<p><strong>CORRESPONDENTE CONSULAR\u00a0 HONOR\u00c1RIO EM CANOINHAS <\/strong>(a nomear)<\/p>\n<p>&nbsp;<\/p>\n<p><strong>Importante: a assist\u00eancia e os servi\u00e7os prestados pela Rede Consular Honor\u00e1ria s\u00e3o gratuitos.<\/strong><\/p>\n","protected":false},"excerpt":{"rendered":"REDE CONSULAR HONOR\u00c1RIA &#8211; ESTADO DO PARAN\u00c1 VICE-CONSULADO HONOR\u00c1RIO EM LONDRINA Circunscri\u00e7\u00e3o : Munic\u00edpios das regi\u00f5es administrativas de Londrina, Apucarana, Campo Mour\u00e3o, Cianorte, Corn\u00e9lio Proc\u00f3pio, Ivaipor\u00e3, Jacarezinho, Maring\u00e1, Paranava\u00ed, Umuarama. Vice-Cons\u00fbl Honor\u00e1rio Bruno Veronesi Rua Pernambuco, 872 &#8211; Ideal Plaza Hotel Cep: 86020-071 &#8211; Caixa Postal, 166 tel: (0xx43) 3323-2839 fax: (0xx43) 3315-1617 e-mail: londrina.vicecons.onorario@gmail.com [&hellip;]","protected":false},"author":3,"featured_media":0,"parent":33,"menu_order":0,"comment_status":"closed","ping_status":"closed","template":"","meta":{"footnotes":""},"class_list":["post-90","page","type-page","status-publish","hentry"],"_links":{"self":[{"href":"https:\/\/conscuritiba.esteri.it\/pt\/wp-json\/wp\/v2\/pages\/90","targetHints":{"allow":["GET"]}}],"collection":[{"href":"https:\/\/conscuritiba.esteri.it\/pt\/wp-json\/wp\/v2\/pages"}],"about":[{"href":"https:\/\/conscuritiba.esteri.it\/pt\/wp-json\/wp\/v2\/types\/page"}],"author":[{"embeddable":true,"href":"https:\/\/conscuritiba.esteri.it\/pt\/wp-json\/wp\/v2\/users\/3"}],"replies":[{"embeddable":true,"href":"https:\/\/conscuritiba.esteri.it\/pt\/wp-json\/wp\/v2\/comments?post=90"}],"version-history":[{"count":8,"href":"https:\/\/conscuritiba.esteri.it\/pt\/wp-json\/wp\/v2\/pages\/90\/revisions"}],"predecessor-version":[{"id":3945,"href":"https:\/\/conscuritiba.esteri.it\/pt\/wp-json\/wp\/v2\/pages\/90\/revisions\/3945"}],"up":[{"embeddable":true,"href":"https:\/\/conscuritiba.esteri.it\/pt\/wp-json\/wp\/v2\/pages\/33"}],"wp:attachment":[{"href":"https:\/\/conscuritiba.esteri.it\/pt\/wp-json\/wp\/v2\/media?parent=90"}],"curies":[{"name":"wp","href":"https:\/\/api.w.org\/{rel}","templated":true}]}}